{"id":411,"date":"2021-08-27T12:19:36","date_gmt":"2021-08-27T12:19:36","guid":{"rendered":"http:\/\/dummy.xtemos.com\/woodmart2\/elementor\/?post_type=product&#038;p=411"},"modified":"2026-05-13T17:46:37","modified_gmt":"2026-05-13T16:46:37","slug":"nasus","status":"publish","type":"product","link":"https:\/\/www.nasus.al\/en\/product\/nasus","title":{"rendered":"Nasus"},"content":{"rendered":"<p>\u00abThe all-rounder\u00bb<\/p>\n<p><strong>Size<\/strong>: One size fits all<\/p>\n<p><b>Characteristics<\/b><\/p>\n<ul>\n<li>Better grip thanks to the \"cap\" on the bridge of the nose.<\/li>\n<li>Even pressure distribution on the whole bridge of the nose.<\/li>\n<li>Long-lasting effect due to the longer nose pads.<\/li>\n<li>Ideal for sleeping, working or exercising<\/li>\n<\/ul>\n<p><strong>Recommended duration of use<\/strong><\/p>\n<ul>\n<li>Applicable over the day and night. (Maximum eight hours in a row<\/li>\n<\/ul>\n<p class=\"translation-block\">The height and position of the nasion bar guarantee optimum comfort and a secure hold.\nNasal dilators reduce nasal resistance by an average of 27% and provide with a safe airway clearance, according to clinical studies.<\/p>\n<p><iframe loading=\"lazy\" title=\"Noson Nasal Dilator - Video tutorial\" width=\"500\" height=\"281\" src=\"https:\/\/www.youtube.com\/embed\/LZdKlnz3rf4?feature=oembed\" frameborder=\"0\" allow=\"accelerometer; autoplay; clipboard-write; encrypted-media; gyroscope; picture-in-picture; web-share\" referrerpolicy=\"strict-origin-when-cross-origin\" allowfullscreen><\/iframe><\/p>\n<p><img loading=\"lazy\" decoding=\"async\" class=\"aligncenter wp-image-15728 size-full\" src=\"https:\/\/www.nasus.al\/wp-content\/uploads\/2021\/08\/Step1.png\" alt=\"\" width=\"600\" height=\"600\" srcset=\"https:\/\/www.nasus.al\/wp-content\/uploads\/2021\/08\/Step1.png 600w, https:\/\/www.nasus.al\/wp-content\/uploads\/2021\/08\/Step1-430x430.png 430w, https:\/\/www.nasus.al\/wp-content\/uploads\/2021\/08\/Step1-150x150.png 150w, https:\/\/www.nasus.al\/wp-content\/uploads\/2021\/08\/Step1-300x300.png 300w\" sizes=\"auto, (max-width: 600px) 100vw, 600px\" \/>\u00a0 <img loading=\"lazy\" decoding=\"async\" class=\"aligncenter wp-image-15731 size-full\" src=\"https:\/\/www.nasus.al\/wp-content\/uploads\/2021\/08\/Step4.png\" alt=\"\" width=\"600\" height=\"600\" srcset=\"https:\/\/www.nasus.al\/wp-content\/uploads\/2021\/08\/Step4.png 600w, https:\/\/www.nasus.al\/wp-content\/uploads\/2021\/08\/Step4-430x430.png 430w, https:\/\/www.nasus.al\/wp-content\/uploads\/2021\/08\/Step4-150x150.png 150w, https:\/\/www.nasus.al\/wp-content\/uploads\/2021\/08\/Step4-300x300.png 300w\" sizes=\"auto, (max-width: 600px) 100vw, 600px\" \/><img loading=\"lazy\" decoding=\"async\" class=\"aligncenter wp-image-15729 size-full\" src=\"https:\/\/www.nasus.al\/wp-content\/uploads\/2021\/08\/Step2.webp\" alt=\"\" width=\"600\" height=\"600\" srcset=\"https:\/\/www.nasus.al\/wp-content\/uploads\/2021\/08\/Step2.webp 600w, https:\/\/www.nasus.al\/wp-content\/uploads\/2021\/08\/Step2-430x430.webp 430w, https:\/\/www.nasus.al\/wp-content\/uploads\/2021\/08\/Step2-150x150.webp 150w, https:\/\/www.nasus.al\/wp-content\/uploads\/2021\/08\/Step2-300x300.webp 300w\" sizes=\"auto, (max-width: 600px) 100vw, 600px\" \/><\/p>\n<p><img loading=\"lazy\" decoding=\"async\" class=\"aligncenter wp-image-15730 size-full\" src=\"https:\/\/www.nasus.al\/wp-content\/uploads\/2021\/08\/Step3.webp\" alt=\"\" width=\"600\" height=\"600\" srcset=\"https:\/\/www.nasus.al\/wp-content\/uploads\/2021\/08\/Step3.webp 600w, https:\/\/www.nasus.al\/wp-content\/uploads\/2021\/08\/Step3-430x430.webp 430w, https:\/\/www.nasus.al\/wp-content\/uploads\/2021\/08\/Step3-150x150.webp 150w, https:\/\/www.nasus.al\/wp-content\/uploads\/2021\/08\/Step3-300x300.webp 300w\" sizes=\"auto, (max-width: 600px) 100vw, 600px\" \/><\/p>","protected":false},"excerpt":{"rendered":"<p>Noson\u00ae Premium gently spreads the nostrils from the inside and thus improves nasal breathing.<\/p>\n<p>Areas of application are:<\/p>\n<ul>\n<li>During sporting activity<\/li>\n<li>At night while sleeping<\/li>\n<li>Can minimize snoring<\/li>\n<li>For hay fever and a blocked nose<\/li>\n<li>Nose congestion during pregnancy<\/li>\n<li>During the flight or when traveling<\/li>\n<li>When promoting the ability to concentrate<\/li>\n<\/ul>","protected":false},"featured_media":15727,"comment_status":"open","ping_status":"closed","template":"","meta":[],"product_brand":[],"product_cat":[21],"product_tag":[],"class_list":{"0":"post-411","1":"product","2":"type-product","3":"status-publish","4":"has-post-thumbnail","6":"product_cat-noson","8":"first","9":"instock","10":"taxable","11":"shipping-taxable","12":"purchasable","13":"product-type-simple"},"yoast_head":"<!-- This site is optimized with the Yoast SEO plugin v27.4 - https:\/\/yoast.com\/product\/yoast-seo-wordpress\/ -->\n<title>Nasus - Nasus<\/title>\n<meta name=\"robots\" content=\"index, follow, max-snippet:-1, max-image-preview:large, max-video-preview:-1\" \/>\n<link rel=\"canonical\" href=\"https:\/\/www.nasus.al\/en\/product\/nasus\/\" \/>\n<meta property=\"og:locale\" content=\"en_US\" \/>\n<meta property=\"og:type\" content=\"article\" \/>\n<meta property=\"og:title\" content=\"Nasus - Nasus\" \/>\n<meta property=\"og:description\" content=\"Noson\u00ae Premium p\u00ebrhap but\u00ebsisht vrimat e hund\u00ebs nga brenda dhe n\u00eb k\u00ebt\u00eb m\u00ebnyr\u00eb p\u00ebrmir\u00ebson frym\u00ebmarrjen e hund\u00ebs.  Fushat e aplikimit jan\u00eb:   Gjat\u00eb aktivitetit sportiv  Nat\u00ebn gjat\u00eb gjumit  Mund t\u00eb minimizoj\u00eb g\u00ebrhitjen  P\u00ebr ethet e barit dhe hund\u00ebn e bllokuar  Mbyllja e hund\u00ebs gjat\u00eb shtatz\u00ebnis\u00eb  Gjat\u00eb fluturimit ose gjat\u00eb udh\u00ebtimit  Kur promovon aft\u00ebsin\u00eb p\u00ebr t&#039;u p\u00ebrqendruar\" \/>\n<meta property=\"og:url\" content=\"https:\/\/www.nasus.al\/en\/product\/nasus\/\" \/>\n<meta property=\"og:site_name\" content=\"Nasus\" \/>\n<meta property=\"article:modified_time\" content=\"2026-05-13T16:46:37+00:00\" \/>\n<meta property=\"og:image\" content=\"https:\/\/www.nasus.al\/wp-content\/uploads\/2021\/08\/Noson-Premium-Nasendilatator.webp\" \/>\n\t<meta property=\"og:image:width\" content=\"500\" \/>\n\t<meta property=\"og:image:height\" content=\"500\" \/>\n\t<meta property=\"og:image:type\" content=\"image\/webp\" \/>\n<meta name=\"twitter:card\" content=\"summary_large_image\" \/>\n<meta name=\"twitter:label1\" content=\"Est. reading time\" \/>\n\t<meta name=\"twitter:data1\" content=\"1 minute\" \/>\n<script type=\"application\/ld+json\" class=\"yoast-schema-graph\">{\"@context\":\"https:\\\/\\\/schema.org\",\"@graph\":[{\"@type\":\"WebPage\",\"@id\":\"https:\\\/\\\/www.nasus.al\\\/product\\\/nasus\",\"url\":\"https:\\\/\\\/www.nasus.al\\\/product\\\/nasus\",\"name\":\"Nasus - Nasus\",\"isPartOf\":{\"@id\":\"https:\\\/\\\/www.nasus.al\\\/#website\"},\"primaryImageOfPage\":{\"@id\":\"https:\\\/\\\/www.nasus.al\\\/product\\\/nasus#primaryimage\"},\"image\":{\"@id\":\"https:\\\/\\\/www.nasus.al\\\/product\\\/nasus#primaryimage\"},\"thumbnailUrl\":\"https:\\\/\\\/www.nasus.al\\\/wp-content\\\/uploads\\\/2021\\\/08\\\/Noson-Premium-Nasendilatator.webp\",\"datePublished\":\"2021-08-27T12:19:36+00:00\",\"dateModified\":\"2026-05-13T16:46:37+00:00\",\"breadcrumb\":{\"@id\":\"https:\\\/\\\/www.nasus.al\\\/product\\\/nasus#breadcrumb\"},\"inLanguage\":\"en-US\",\"potentialAction\":[{\"@type\":\"ReadAction\",\"target\":[\"https:\\\/\\\/www.nasus.al\\\/product\\\/nasus\"]}]},{\"@type\":\"ImageObject\",\"inLanguage\":\"en-US\",\"@id\":\"https:\\\/\\\/www.nasus.al\\\/product\\\/nasus#primaryimage\",\"url\":\"https:\\\/\\\/www.nasus.al\\\/wp-content\\\/uploads\\\/2021\\\/08\\\/Noson-Premium-Nasendilatator.webp\",\"contentUrl\":\"https:\\\/\\\/www.nasus.al\\\/wp-content\\\/uploads\\\/2021\\\/08\\\/Noson-Premium-Nasendilatator.webp\",\"width\":500,\"height\":500},{\"@type\":\"BreadcrumbList\",\"@id\":\"https:\\\/\\\/www.nasus.al\\\/product\\\/nasus#breadcrumb\",\"itemListElement\":[{\"@type\":\"ListItem\",\"position\":1,\"name\":\"Home\",\"item\":\"https:\\\/\\\/www.nasus.al\\\/\"},{\"@type\":\"ListItem\",\"position\":2,\"name\":\"Shop\",\"item\":\"https:\\\/\\\/www.nasus.al\\\/shop\"},{\"@type\":\"ListItem\",\"position\":3,\"name\":\"Nasus\"}]},{\"@type\":\"WebSite\",\"@id\":\"https:\\\/\\\/www.nasus.al\\\/#website\",\"url\":\"https:\\\/\\\/www.nasus.al\\\/\",\"name\":\"Nasus\",\"description\":\"Albania\",\"publisher\":{\"@id\":\"https:\\\/\\\/www.nasus.al\\\/#organization\"},\"potentialAction\":[{\"@type\":\"SearchAction\",\"target\":{\"@type\":\"EntryPoint\",\"urlTemplate\":\"https:\\\/\\\/www.nasus.al\\\/?s={search_term_string}\"},\"query-input\":{\"@type\":\"PropertyValueSpecification\",\"valueRequired\":true,\"valueName\":\"search_term_string\"}}],\"inLanguage\":\"en-US\"},{\"@type\":\"Organization\",\"@id\":\"https:\\\/\\\/www.nasus.al\\\/#organization\",\"name\":\"Nasus\",\"url\":\"https:\\\/\\\/www.nasus.al\\\/\",\"logo\":{\"@type\":\"ImageObject\",\"inLanguage\":\"en-US\",\"@id\":\"https:\\\/\\\/www.nasus.al\\\/#\\\/schema\\\/logo\\\/image\\\/\",\"url\":\"https:\\\/\\\/www.nasus.al\\\/wp-content\\\/uploads\\\/2024\\\/03\\\/noson.webp\",\"contentUrl\":\"https:\\\/\\\/www.nasus.al\\\/wp-content\\\/uploads\\\/2024\\\/03\\\/noson.webp\",\"width\":110,\"height\":36,\"caption\":\"Nasus\"},\"image\":{\"@id\":\"https:\\\/\\\/www.nasus.al\\\/#\\\/schema\\\/logo\\\/image\\\/\"},\"sameAs\":[\"https:\\\/\\\/www.instagram.com\\\/nasus.al\\\/\"]}]}<\/script>\n<!-- \/ Yoast SEO plugin. -->","yoast_head_json":{"title":"Nasus - Nasus","robots":{"index":"index","follow":"follow","max-snippet":"max-snippet:-1","max-image-preview":"max-image-preview:large","max-video-preview":"max-video-preview:-1"},"canonical":"https:\/\/www.nasus.al\/en\/product\/nasus\/","og_locale":"en_US","og_type":"article","og_title":"Nasus - Nasus","og_description":"Noson\u00ae Premium p\u00ebrhap but\u00ebsisht vrimat e hund\u00ebs nga brenda dhe n\u00eb k\u00ebt\u00eb m\u00ebnyr\u00eb p\u00ebrmir\u00ebson frym\u00ebmarrjen e hund\u00ebs.  Fushat e aplikimit jan\u00eb:   Gjat\u00eb aktivitetit sportiv  Nat\u00ebn gjat\u00eb gjumit  Mund t\u00eb minimizoj\u00eb g\u00ebrhitjen  P\u00ebr ethet e barit dhe hund\u00ebn e bllokuar  Mbyllja e hund\u00ebs gjat\u00eb shtatz\u00ebnis\u00eb  Gjat\u00eb fluturimit ose gjat\u00eb udh\u00ebtimit  Kur promovon aft\u00ebsin\u00eb p\u00ebr t'u p\u00ebrqendruar","og_url":"https:\/\/www.nasus.al\/en\/product\/nasus\/","og_site_name":"Nasus","article_modified_time":"2026-05-13T16:46:37+00:00","og_image":[{"width":500,"height":500,"url":"https:\/\/www.nasus.al\/wp-content\/uploads\/2021\/08\/Noson-Premium-Nasendilatator.webp","type":"image\/webp"}],"twitter_card":"summary_large_image","twitter_misc":{"Est. reading time":"1 minute"},"schema":{"@context":"https:\/\/schema.org","@graph":[{"@type":"WebPage","@id":"https:\/\/www.nasus.al\/product\/nasus","url":"https:\/\/www.nasus.al\/product\/nasus","name":"Nasus - Nasus","isPartOf":{"@id":"https:\/\/www.nasus.al\/#website"},"primaryImageOfPage":{"@id":"https:\/\/www.nasus.al\/product\/nasus#primaryimage"},"image":{"@id":"https:\/\/www.nasus.al\/product\/nasus#primaryimage"},"thumbnailUrl":"https:\/\/www.nasus.al\/wp-content\/uploads\/2021\/08\/Noson-Premium-Nasendilatator.webp","datePublished":"2021-08-27T12:19:36+00:00","dateModified":"2026-05-13T16:46:37+00:00","breadcrumb":{"@id":"https:\/\/www.nasus.al\/product\/nasus#breadcrumb"},"inLanguage":"en-US","potentialAction":[{"@type":"ReadAction","target":["https:\/\/www.nasus.al\/product\/nasus"]}]},{"@type":"ImageObject","inLanguage":"en-US","@id":"https:\/\/www.nasus.al\/product\/nasus#primaryimage","url":"https:\/\/www.nasus.al\/wp-content\/uploads\/2021\/08\/Noson-Premium-Nasendilatator.webp","contentUrl":"https:\/\/www.nasus.al\/wp-content\/uploads\/2021\/08\/Noson-Premium-Nasendilatator.webp","width":500,"height":500},{"@type":"BreadcrumbList","@id":"https:\/\/www.nasus.al\/product\/nasus#breadcrumb","itemListElement":[{"@type":"ListItem","position":1,"name":"Home","item":"https:\/\/www.nasus.al\/"},{"@type":"ListItem","position":2,"name":"Shop","item":"https:\/\/www.nasus.al\/shop"},{"@type":"ListItem","position":3,"name":"Nasus"}]},{"@type":"WebSite","@id":"https:\/\/www.nasus.al\/#website","url":"https:\/\/www.nasus.al\/","name":"Nasus","description":"Albania","publisher":{"@id":"https:\/\/www.nasus.al\/#organization"},"potentialAction":[{"@type":"SearchAction","target":{"@type":"EntryPoint","urlTemplate":"https:\/\/www.nasus.al\/?s={search_term_string}"},"query-input":{"@type":"PropertyValueSpecification","valueRequired":true,"valueName":"search_term_string"}}],"inLanguage":"en-US"},{"@type":"Organization","@id":"https:\/\/www.nasus.al\/#organization","name":"Nasus","url":"https:\/\/www.nasus.al\/","logo":{"@type":"ImageObject","inLanguage":"en-US","@id":"https:\/\/www.nasus.al\/#\/schema\/logo\/image\/","url":"https:\/\/www.nasus.al\/wp-content\/uploads\/2024\/03\/noson.webp","contentUrl":"https:\/\/www.nasus.al\/wp-content\/uploads\/2024\/03\/noson.webp","width":110,"height":36,"caption":"Nasus"},"image":{"@id":"https:\/\/www.nasus.al\/#\/schema\/logo\/image\/"},"sameAs":["https:\/\/www.instagram.com\/nasus.al\/"]}]}},"_links":{"self":[{"href":"https:\/\/www.nasus.al\/en\/wp-json\/wp\/v2\/product\/411","targetHints":{"allow":["GET"]}}],"collection":[{"href":"https:\/\/www.nasus.al\/en\/wp-json\/wp\/v2\/product"}],"about":[{"href":"https:\/\/www.nasus.al\/en\/wp-json\/wp\/v2\/types\/product"}],"replies":[{"embeddable":true,"href":"https:\/\/www.nasus.al\/en\/wp-json\/wp\/v2\/comments?post=411"}],"version-history":[{"count":0,"href":"https:\/\/www.nasus.al\/en\/wp-json\/wp\/v2\/product\/411\/revisions"}],"wp:featuredmedia":[{"embeddable":true,"href":"https:\/\/www.nasus.al\/en\/wp-json\/wp\/v2\/media\/15727"}],"wp:attachment":[{"href":"https:\/\/www.nasus.al\/en\/wp-json\/wp\/v2\/media?parent=411"}],"wp:term":[{"taxonomy":"product_brand","embeddable":true,"href":"https:\/\/www.nasus.al\/en\/wp-json\/wp\/v2\/product_brand?post=411"},{"taxonomy":"product_cat","embeddable":true,"href":"https:\/\/www.nasus.al\/en\/wp-json\/wp\/v2\/product_cat?post=411"},{"taxonomy":"product_tag","embeddable":true,"href":"https:\/\/www.nasus.al\/en\/wp-json\/wp\/v2\/product_tag?post=411"}],"curies":[{"name":"wp","href":"https:\/\/api.w.org\/{rel}","templated":true}]}}