{"id":4439,"date":"2021-10-12T16:27:24","date_gmt":"2021-10-12T16:27:24","guid":{"rendered":"http:\/\/dummy.xtemos.com\/woodmart2\/elementor\/?page_id=4439"},"modified":"2024-05-07T13:44:24","modified_gmt":"2024-05-07T12:44:24","slug":"contact","status":"publish","type":"page","link":"https:\/\/www.nasus.al\/me\/contact","title":{"rendered":"Contact"},"content":{"rendered":"<div data-elementor-type=\"wp-page\" data-elementor-id=\"4439\" class=\"elementor elementor-4439\" data-elementor-post-type=\"page\">\n\t\t\t\t<div class=\"elementor-element elementor-element-68d0e93 wd-section-stretch-content e-con-full e-flex e-con e-parent\" data-id=\"68d0e93\" data-element_type=\"container\" data-e-type=\"container\" data-settings=\"{&quot;background_background&quot;:&quot;classic&quot;}\">\n\t\t\t\t<\/div>\n\t\t<div class=\"wd-negative-gap elementor-element elementor-element-e6ad327 e-flex e-con-boxed e-con e-parent\" data-id=\"e6ad327\" data-element_type=\"container\" data-e-type=\"container\">\n\t\t\t\t\t<div class=\"e-con-inner\">\n\t\t<div class=\"elementor-element elementor-element-c742f2e e-con-full e-flex e-con e-child\" data-id=\"c742f2e\" data-element_type=\"container\" data-e-type=\"container\" data-settings=\"{&quot;background_background&quot;:&quot;classic&quot;}\">\n\t\t\t\t<div class=\"elementor-element elementor-element-86626e0 elementor-widget elementor-widget-heading\" data-id=\"86626e0\" data-element_type=\"widget\" data-e-type=\"widget\" data-widget_type=\"heading.default\">\n\t\t\t\t<div class=\"elementor-widget-container\">\n\t\t\t\t\t<h2 class=\"elementor-heading-title elementor-size-default\">\u0410\u0434\u0440\u0435\u0441\u0430<\/h2>\t\t\t\t<\/div>\n\t\t\t\t<\/div>\n\t\t\t\t<div class=\"elementor-element elementor-element-4a23663 color-scheme-inherit text-left elementor-widget elementor-widget-text-editor\" data-id=\"4a23663\" data-element_type=\"widget\" data-e-type=\"widget\" data-widget_type=\"text-editor.default\">\n\t\t\t\t<div class=\"elementor-widget-container\">\n\t\t\t\t\t\t\t\t\t<p>Tirane, Albania<\/p>\t\t\t\t\t\t\t\t<\/div>\n\t\t\t\t<\/div>\n\t\t\t\t<\/div>\n\t\t<div class=\"elementor-element elementor-element-617df08 e-con-full e-flex e-con e-child\" data-id=\"617df08\" data-element_type=\"container\" data-e-type=\"container\" data-settings=\"{&quot;background_background&quot;:&quot;classic&quot;}\">\n\t\t\t\t<div class=\"elementor-element elementor-element-c0cd04a elementor-widget elementor-widget-heading\" data-id=\"c0cd04a\" data-element_type=\"widget\" data-e-type=\"widget\" data-widget_type=\"heading.default\">\n\t\t\t\t<div class=\"elementor-widget-container\">\n\t\t\t\t\t<h2 class=\"elementor-heading-title elementor-size-default\">\u0435\u043c\u0430\u0438\u043b<\/h2>\t\t\t\t<\/div>\n\t\t\t\t<\/div>\n\t\t\t\t<div class=\"elementor-element elementor-element-24f90e7 color-scheme-inherit text-left elementor-widget elementor-widget-text-editor\" data-id=\"24f90e7\" data-element_type=\"widget\" data-e-type=\"widget\" data-widget_type=\"text-editor.default\">\n\t\t\t\t<div class=\"elementor-widget-container\">\n\t\t\t\t\t\t\t\t\t<p>info@nasus.al<\/p>\t\t\t\t\t\t\t\t<\/div>\n\t\t\t\t<\/div>\n\t\t\t\t<\/div>\n\t\t<div class=\"elementor-element elementor-element-f534d8a e-con-full e-flex e-con e-child\" data-id=\"f534d8a\" data-element_type=\"container\" data-e-type=\"container\" data-settings=\"{&quot;background_background&quot;:&quot;classic&quot;}\">\n\t\t\t\t<div class=\"elementor-element elementor-element-d035f08 elementor-widget elementor-widget-heading\" data-id=\"d035f08\" data-element_type=\"widget\" data-e-type=\"widget\" data-widget_type=\"heading.default\">\n\t\t\t\t<div class=\"elementor-widget-container\">\n\t\t\t\t\t<h2 class=\"elementor-heading-title elementor-size-default\">\u0422\u0435\u043b\u0435\u0444\u043e\u043d<\/h2>\t\t\t\t<\/div>\n\t\t\t\t<\/div>\n\t\t\t\t<div class=\"elementor-element elementor-element-5504397 color-scheme-inherit text-left elementor-widget elementor-widget-text-editor\" data-id=\"5504397\" data-element_type=\"widget\" data-e-type=\"widget\" data-widget_type=\"text-editor.default\">\n\t\t\t\t<div class=\"elementor-widget-container\">\n\t\t\t\t\t\t\t\t\t<p>+355 69 69 54 600<\/p>\t\t\t\t\t\t\t\t<\/div>\n\t\t\t\t<\/div>\n\t\t\t\t<\/div>\n\t\t<div class=\"elementor-element elementor-element-53981f8 e-con-full e-flex e-con e-child\" data-id=\"53981f8\" data-element_type=\"container\" data-e-type=\"container\" data-settings=\"{&quot;background_background&quot;:&quot;classic&quot;}\">\n\t\t\t\t<div class=\"elementor-element elementor-element-fb4b8a3 elementor-widget elementor-widget-button\" data-id=\"fb4b8a3\" data-element_type=\"widget\" data-e-type=\"widget\" data-widget_type=\"button.default\">\n\t\t\t\t<div class=\"elementor-widget-container\">\n\t\t\t\t\t\t\t\t\t<div class=\"elementor-button-wrapper\">\n\t\t\t\t\t<a class=\"elementor-button elementor-button-link elementor-size-sm\" href=\"\/me\/faq\/\">\n\t\t\t\t\t\t<span class=\"elementor-button-content-wrapper\">\n\t\t\t\t\t\t\t\t\t<span class=\"elementor-button-text\">\u041d\u0435\u043a\u043e \u043f\u0438\u0442\u0430\u045a\u0435?<\/span>\n\t\t\t\t\t<\/span>\n\t\t\t\t\t<\/a>\n\t\t\t\t<\/div>\n\t\t\t\t\t\t\t\t<\/div>\n\t\t\t\t<\/div>\n\t\t\t\t<\/div>\n\t\t\t\t\t<\/div>\n\t\t\t\t<\/div>\n\t\t<div class=\"wd-negative-gap elementor-element elementor-element-9f932f6 wd-section-stretch e-flex e-con-boxed e-con e-parent\" data-id=\"9f932f6\" data-element_type=\"container\" data-e-type=\"container\" data-settings=\"{&quot;background_background&quot;:&quot;classic&quot;}\">\n\t\t\t\t\t<div class=\"e-con-inner\">\n\t\t<div class=\"elementor-element elementor-element-9014de7 e-con-full e-flex e-con e-child\" data-id=\"9014de7\" data-element_type=\"container\" data-e-type=\"container\">\n\t\t\t\t<div class=\"elementor-element elementor-element-e546dbd elementor-widget elementor-widget-image\" data-id=\"e546dbd\" data-element_type=\"widget\" data-e-type=\"widget\" data-widget_type=\"image.default\">\n\t\t\t\t<div class=\"elementor-widget-container\">\n\t\t\t\t\t\t\t\t\t\t\t\t\t\t\t<img loading=\"lazy\" decoding=\"async\" width=\"265\" height=\"306\" src=\"https:\/\/www.nasus.al\/wp-content\/uploads\/2024\/03\/Noson-Nasendilatator-Nasaldilator.png\" class=\"attachment-full size-full wp-image-15631\" alt=\"\" srcset=\"https:\/\/www.nasus.al\/wp-content\/uploads\/2024\/03\/Noson-Nasendilatator-Nasaldilator.png 265w, https:\/\/www.nasus.al\/wp-content\/uploads\/2024\/03\/Noson-Nasendilatator-Nasaldilator-150x173.png 150w, https:\/\/www.nasus.al\/wp-content\/uploads\/2024\/03\/Noson-Nasendilatator-Nasaldilator-260x300.png 260w\" sizes=\"auto, (max-width: 265px) 100vw, 265px\" \/>\t\t\t\t\t\t\t\t\t\t\t\t\t\t\t<\/div>\n\t\t\t\t<\/div>\n\t\t\t\t<\/div>\n\t\t<div class=\"elementor-element elementor-element-4d23587 e-con-full e-flex e-con e-child\" data-id=\"4d23587\" data-element_type=\"container\" data-e-type=\"container\">\n\t\t\t\t<div class=\"elementor-element elementor-element-416297d elementor-widget elementor-widget-heading\" data-id=\"416297d\" data-element_type=\"widget\" data-e-type=\"widget\" data-widget_type=\"heading.default\">\n\t\t\t\t<div class=\"elementor-widget-container\">\n\t\t\t\t\t<h2 class=\"elementor-heading-title elementor-size-default\">premium noson\n<\/h2>\t\t\t\t<\/div>\n\t\t\t\t<\/div>\n\t\t\t\t<div class=\"elementor-element elementor-element-7bc398e color-scheme-inherit text-left elementor-widget elementor-widget-text-editor\" data-id=\"7bc398e\" data-element_type=\"widget\" data-e-type=\"widget\" data-widget_type=\"text-editor.default\">\n\t\t\t\t<div class=\"elementor-widget-container\">\n\t\t\t\t\t\t\t\t\t<div class=\"elementor-element elementor-element-3e3fe0de elementor-widget elementor-widget-text-editor\" data-id=\"3e3fe0de\" data-element_type=\"widget\" data-widget_type=\"text-editor.default\"><div class=\"elementor-widget-container\"><div class=\"elementor-element elementor-element-a3b6e05 color-scheme-inherit text-left elementor-widget elementor-widget-text-editor\" data-id=\"a3b6e05\" data-element_type=\"widget\" data-widget_type=\"text-editor.default\"><div class=\"elementor-widget-container\"><div class=\"elementor-element elementor-element-3e3fe0de elementor-widget elementor-widget-text-editor\" data-id=\"3e3fe0de\" data-element_type=\"widget\" data-widget_type=\"text-editor.default\"><div class=\"elementor-widget-container\"><p>\u0412\u0438\u0448\u0435 \u0432\u0430\u0437\u0434\u0443\u0445\u0430 \u0442\u043e\u043a\u043e\u043c \u0441\u043f\u0430\u0432\u0430\u045a\u0430 \u0438 \u0432\u0435\u0436\u0431\u0430\u045a\u0430, \u043d\u0430\u0440\u0443\u0447\u0438\u0442\u0435 \u043d\u043e\u0441\u043e\u043d \u041f\u0440\u0435\u043c\u0438\u0443\u043c \u0441\u0430\u0434\u0430 \u0438 \u043f\u043e\u0432\u0435\u045b\u0430\u0458\u0442\u0435 \u0441\u0432\u043e\u0458\u0435 \u043f\u0435\u0440\u0444\u043e\u0440\u043c\u0430\u043d\u0441\u0435.<\/p><\/div><\/div><\/div><\/div><div class=\"elementor-element elementor-element-a4a9c38 elementor-widget elementor-widget-wd_button\" data-id=\"a4a9c38\" data-element_type=\"widget\" data-widget_type=\"wd_button.default\"><div class=\"elementor-widget-container\"><div class=\"wd-button-wrapper text-left\">\u00a0<\/div><\/div><\/div><\/div><\/div>\t\t\t\t\t\t\t\t<\/div>\n\t\t\t\t<\/div>\n\t\t\t\t<div class=\"elementor-element elementor-element-765bec9 elementor-widget elementor-widget-wd_button\" data-id=\"765bec9\" data-element_type=\"widget\" data-e-type=\"widget\" data-widget_type=\"wd_button.default\">\n\t\t\t\t<div class=\"elementor-widget-container\">\n\t\t\t\t\t\t\t<div class=\"wd-button-wrapper text-left\" >\n\t\t\t<a class=\"btn btn-style-default btn-shape-round btn-size-default btn-color-primary btn-icon-pos-right\"  href=\"\/me\/shop\/\">\n\t\t\t\t<span class=\"wd-btn-text\" data-elementor-setting-key=\"text\">\n\t\t\t\t\t\u0434\u043e \u043f\u0440\u043e\u0434\u0430\u0432\u043d\u0438\u0446\u0435\t\t\t\t<\/span>\n\n\t\t\t\t\t\t\t<\/a>\n\t\t<\/div>\n\t\t\t\t\t\t<\/div>\n\t\t\t\t<\/div>\n\t\t\t\t<\/div>\n\t\t\t\t\t<\/div>\n\t\t\t\t<\/div>\n\t\t\t\t<\/div>","protected":false},"excerpt":{"rendered":"<p>Adresa Tirane, Albania Email info@nasus.al Telefoni +355 69 69 54 600 Ndonj\u00eb pyetje? premium noson M\u00eb shum\u00eb aj\u00ebr kur flini<\/p>","protected":false},"author":1,"featured_media":0,"parent":0,"menu_order":0,"comment_status":"closed","ping_status":"closed","template":"elementor_header_footer","meta":{"footnotes":""},"class_list":["post-4439","page","type-page","status-publish","hentry"],"yoast_head":"<!-- This site is optimized with the Yoast SEO plugin v27.4 - https:\/\/yoast.com\/product\/yoast-seo-wordpress\/ -->\n<title>Contact - Nasus<\/title>\n<meta name=\"robots\" content=\"index, follow, max-snippet:-1, max-image-preview:large, max-video-preview:-1\" \/>\n<link rel=\"canonical\" href=\"https:\/\/www.nasus.al\/me\/contact\/\" \/>\n<meta property=\"og:locale\" content=\"sr_RS\" \/>\n<meta property=\"og:type\" content=\"article\" \/>\n<meta property=\"og:title\" content=\"Contact - Nasus\" \/>\n<meta property=\"og:description\" content=\"Adresa Tirane, Albania Email info@nasus.al Telefoni +355 69 69 54 600 Ndonj\u00eb pyetje? premium noson M\u00eb shum\u00eb aj\u00ebr kur flini\" \/>\n<meta property=\"og:url\" content=\"https:\/\/www.nasus.al\/me\/contact\/\" \/>\n<meta property=\"og:site_name\" content=\"Nasus\" \/>\n<meta property=\"article:modified_time\" content=\"2024-05-07T12:44:24+00:00\" \/>\n<meta property=\"og:image\" content=\"https:\/\/www.nasus.al\/wp-content\/uploads\/2024\/03\/Noson-Nasendilatator-Nasaldilator.png\" \/>\n<meta name=\"twitter:card\" content=\"summary_large_image\" \/>\n<meta name=\"twitter:label1\" content=\"\u041f\u0440\u043e\u0446\u0435\u045a\u0435\u043d\u043e \u0432\u0440\u0435\u043c\u0435 \u0447\u0438\u0442\u0430\u045a\u0430\" \/>\n\t<meta name=\"twitter:data1\" content=\"1 \u043c\u0438\u043d\u0443\u0442\" \/>\n<script type=\"application\/ld+json\" class=\"yoast-schema-graph\">{\"@context\":\"https:\\\/\\\/schema.org\",\"@graph\":[{\"@type\":\"WebPage\",\"@id\":\"https:\\\/\\\/www.nasus.al\\\/contact\",\"url\":\"https:\\\/\\\/www.nasus.al\\\/contact\",\"name\":\"Contact - Nasus\",\"isPartOf\":{\"@id\":\"https:\\\/\\\/www.nasus.al\\\/#website\"},\"primaryImageOfPage\":{\"@id\":\"https:\\\/\\\/www.nasus.al\\\/contact#primaryimage\"},\"image\":{\"@id\":\"https:\\\/\\\/www.nasus.al\\\/contact#primaryimage\"},\"thumbnailUrl\":\"https:\\\/\\\/www.nasus.al\\\/wp-content\\\/uploads\\\/2024\\\/03\\\/Noson-Nasendilatator-Nasaldilator.png\",\"datePublished\":\"2021-10-12T16:27:24+00:00\",\"dateModified\":\"2024-05-07T12:44:24+00:00\",\"breadcrumb\":{\"@id\":\"https:\\\/\\\/www.nasus.al\\\/contact#breadcrumb\"},\"inLanguage\":\"sr-RS\",\"potentialAction\":[{\"@type\":\"ReadAction\",\"target\":[\"https:\\\/\\\/www.nasus.al\\\/contact\"]}]},{\"@type\":\"ImageObject\",\"inLanguage\":\"sr-RS\",\"@id\":\"https:\\\/\\\/www.nasus.al\\\/contact#primaryimage\",\"url\":\"https:\\\/\\\/www.nasus.al\\\/wp-content\\\/uploads\\\/2024\\\/03\\\/Noson-Nasendilatator-Nasaldilator.png\",\"contentUrl\":\"https:\\\/\\\/www.nasus.al\\\/wp-content\\\/uploads\\\/2024\\\/03\\\/Noson-Nasendilatator-Nasaldilator.png\"},{\"@type\":\"BreadcrumbList\",\"@id\":\"https:\\\/\\\/www.nasus.al\\\/contact#breadcrumb\",\"itemListElement\":[{\"@type\":\"ListItem\",\"position\":1,\"name\":\"Home\",\"item\":\"https:\\\/\\\/www.nasus.al\\\/\"},{\"@type\":\"ListItem\",\"position\":2,\"name\":\"Contact\"}]},{\"@type\":\"WebSite\",\"@id\":\"https:\\\/\\\/www.nasus.al\\\/#website\",\"url\":\"https:\\\/\\\/www.nasus.al\\\/\",\"name\":\"Nasus\",\"description\":\"Albania\",\"publisher\":{\"@id\":\"https:\\\/\\\/www.nasus.al\\\/#organization\"},\"potentialAction\":[{\"@type\":\"SearchAction\",\"target\":{\"@type\":\"EntryPoint\",\"urlTemplate\":\"https:\\\/\\\/www.nasus.al\\\/?s={search_term_string}\"},\"query-input\":{\"@type\":\"PropertyValueSpecification\",\"valueRequired\":true,\"valueName\":\"search_term_string\"}}],\"inLanguage\":\"sr-RS\"},{\"@type\":\"Organization\",\"@id\":\"https:\\\/\\\/www.nasus.al\\\/#organization\",\"name\":\"Nasus\",\"url\":\"https:\\\/\\\/www.nasus.al\\\/\",\"logo\":{\"@type\":\"ImageObject\",\"inLanguage\":\"sr-RS\",\"@id\":\"https:\\\/\\\/www.nasus.al\\\/#\\\/schema\\\/logo\\\/image\\\/\",\"url\":\"https:\\\/\\\/www.nasus.al\\\/wp-content\\\/uploads\\\/2024\\\/03\\\/noson.webp\",\"contentUrl\":\"https:\\\/\\\/www.nasus.al\\\/wp-content\\\/uploads\\\/2024\\\/03\\\/noson.webp\",\"width\":110,\"height\":36,\"caption\":\"Nasus\"},\"image\":{\"@id\":\"https:\\\/\\\/www.nasus.al\\\/#\\\/schema\\\/logo\\\/image\\\/\"},\"sameAs\":[\"https:\\\/\\\/www.instagram.com\\\/nasus.al\\\/\"]}]}<\/script>\n<!-- \/ Yoast SEO plugin. -->","yoast_head_json":{"title":"Contact - Nasus","robots":{"index":"index","follow":"follow","max-snippet":"max-snippet:-1","max-image-preview":"max-image-preview:large","max-video-preview":"max-video-preview:-1"},"canonical":"https:\/\/www.nasus.al\/me\/contact\/","og_locale":"sr_RS","og_type":"article","og_title":"Contact - Nasus","og_description":"Adresa Tirane, Albania Email info@nasus.al Telefoni +355 69 69 54 600 Ndonj\u00eb pyetje? premium noson M\u00eb shum\u00eb aj\u00ebr kur flini","og_url":"https:\/\/www.nasus.al\/me\/contact\/","og_site_name":"Nasus","article_modified_time":"2024-05-07T12:44:24+00:00","og_image":[{"url":"https:\/\/www.nasus.al\/wp-content\/uploads\/2024\/03\/Noson-Nasendilatator-Nasaldilator.png","type":"","width":"","height":""}],"twitter_card":"summary_large_image","twitter_misc":{"\u041f\u0440\u043e\u0446\u0435\u045a\u0435\u043d\u043e \u0432\u0440\u0435\u043c\u0435 \u0447\u0438\u0442\u0430\u045a\u0430":"1 \u043c\u0438\u043d\u0443\u0442"},"schema":{"@context":"https:\/\/schema.org","@graph":[{"@type":"WebPage","@id":"https:\/\/www.nasus.al\/contact","url":"https:\/\/www.nasus.al\/contact","name":"Contact - Nasus","isPartOf":{"@id":"https:\/\/www.nasus.al\/#website"},"primaryImageOfPage":{"@id":"https:\/\/www.nasus.al\/contact#primaryimage"},"image":{"@id":"https:\/\/www.nasus.al\/contact#primaryimage"},"thumbnailUrl":"https:\/\/www.nasus.al\/wp-content\/uploads\/2024\/03\/Noson-Nasendilatator-Nasaldilator.png","datePublished":"2021-10-12T16:27:24+00:00","dateModified":"2024-05-07T12:44:24+00:00","breadcrumb":{"@id":"https:\/\/www.nasus.al\/contact#breadcrumb"},"inLanguage":"sr-RS","potentialAction":[{"@type":"ReadAction","target":["https:\/\/www.nasus.al\/contact"]}]},{"@type":"ImageObject","inLanguage":"sr-RS","@id":"https:\/\/www.nasus.al\/contact#primaryimage","url":"https:\/\/www.nasus.al\/wp-content\/uploads\/2024\/03\/Noson-Nasendilatator-Nasaldilator.png","contentUrl":"https:\/\/www.nasus.al\/wp-content\/uploads\/2024\/03\/Noson-Nasendilatator-Nasaldilator.png"},{"@type":"BreadcrumbList","@id":"https:\/\/www.nasus.al\/contact#breadcrumb","itemListElement":[{"@type":"ListItem","position":1,"name":"Home","item":"https:\/\/www.nasus.al\/"},{"@type":"ListItem","position":2,"name":"Contact"}]},{"@type":"WebSite","@id":"https:\/\/www.nasus.al\/#website","url":"https:\/\/www.nasus.al\/","name":"Nasus","description":"Albania","publisher":{"@id":"https:\/\/www.nasus.al\/#organization"},"potentialAction":[{"@type":"SearchAction","target":{"@type":"EntryPoint","urlTemplate":"https:\/\/www.nasus.al\/?s={search_term_string}"},"query-input":{"@type":"PropertyValueSpecification","valueRequired":true,"valueName":"search_term_string"}}],"inLanguage":"sr-RS"},{"@type":"Organization","@id":"https:\/\/www.nasus.al\/#organization","name":"Nasus","url":"https:\/\/www.nasus.al\/","logo":{"@type":"ImageObject","inLanguage":"sr-RS","@id":"https:\/\/www.nasus.al\/#\/schema\/logo\/image\/","url":"https:\/\/www.nasus.al\/wp-content\/uploads\/2024\/03\/noson.webp","contentUrl":"https:\/\/www.nasus.al\/wp-content\/uploads\/2024\/03\/noson.webp","width":110,"height":36,"caption":"Nasus"},"image":{"@id":"https:\/\/www.nasus.al\/#\/schema\/logo\/image\/"},"sameAs":["https:\/\/www.instagram.com\/nasus.al\/"]}]}},"_links":{"self":[{"href":"https:\/\/www.nasus.al\/me\/wp-json\/wp\/v2\/pages\/4439","targetHints":{"allow":["GET"]}}],"collection":[{"href":"https:\/\/www.nasus.al\/me\/wp-json\/wp\/v2\/pages"}],"about":[{"href":"https:\/\/www.nasus.al\/me\/wp-json\/wp\/v2\/types\/page"}],"author":[{"embeddable":true,"href":"https:\/\/www.nasus.al\/me\/wp-json\/wp\/v2\/users\/1"}],"replies":[{"embeddable":true,"href":"https:\/\/www.nasus.al\/me\/wp-json\/wp\/v2\/comments?post=4439"}],"version-history":[{"count":0,"href":"https:\/\/www.nasus.al\/me\/wp-json\/wp\/v2\/pages\/4439\/revisions"}],"wp:attachment":[{"href":"https:\/\/www.nasus.al\/me\/wp-json\/wp\/v2\/media?parent=4439"}],"curies":[{"name":"wp","href":"https:\/\/api.w.org\/{rel}","templated":true}]}}