{"id":15970,"date":"2024-03-26T20:46:22","date_gmt":"2024-03-26T19:46:22","guid":{"rendered":"https:\/\/www.nasus.al\/?page_id=15970"},"modified":"2024-04-17T09:44:31","modified_gmt":"2024-04-17T08:44:31","slug":"terms-and-conditions","status":"publish","type":"page","link":"https:\/\/www.nasus.al\/mk\/terms-and-conditions","title":{"rendered":"Terms and  Conditions"},"content":{"rendered":"<p><strong>Kushtet e Sh\u00ebrbimit p\u00ebr Nasus.al<\/strong><\/p>\n<p><strong>Hyrje<\/strong><\/p>\n<ul>\n<li>Mir\u00eb se vini n\u00eb Nasus.al, burimi juaj i dedikuar p\u00ebr produkte t\u00eb autorizuara nga Noson.ch. Duke qasur faqen ton\u00eb t\u00eb internetit dhe duke p\u00ebrdorur sh\u00ebrbimet tona, ju pranoni t\u00eb jeni t\u00eb lidhur nga kushtet dhe kushtet e m\u00ebposhtme. Ju lutemi t&#8217;i lexoni ato me kujdes.<\/li>\n<\/ul>\n<p><strong>Marr\u00ebveshja e P\u00ebrdoruesit<\/strong><\/p>\n<ul>\n<li>P\u00ebrdorimi i Nasus.al \u00ebsht\u00eb i varur nga pranimi i k\u00ebtyre Kushteve t\u00eb Sh\u00ebrbimit. N\u00ebse nuk pranoni k\u00ebto kushte, ju lutemi mos p\u00ebrdorni sh\u00ebrbimet tona.<\/li>\n<\/ul>\n<p><strong>Politika e Privat\u00ebsis\u00eb<\/strong><\/p>\n<ul>\n<li>Privat\u00ebsia juaj \u00ebsht\u00eb e r\u00ebnd\u00ebsishme p\u00ebr ne. Ju lutemi shikoni Politik\u00ebn ton\u00eb t\u00eb Privat\u00ebsis\u00eb, e cila gjithashtu rregullon vizit\u00ebn tuaj n\u00eb Nasus.al, p\u00ebr t\u00eb kuptuar praktikat tona.<\/li>\n<\/ul>\n<p><strong>Komunikimet Elektronike<\/strong><\/p>\n<ul>\n<li>Kur vizitoni Nasus.al ose d\u00ebrgoni e-maile tek ne, ju jeni duke komunikuar me ne elektronikisht. Ju pranoni t\u00eb merrni komunikime nga ne elektronikisht.<\/li>\n<\/ul>\n<p><strong>Informacioni p\u00ebr T\u00eb Drejtat e Autorit dhe Mark\u00ebn Tregtare<\/strong><\/p>\n<ul>\n<li>Gjith\u00eb p\u00ebrmbajtja e p\u00ebrfshir\u00eb n\u00eb k\u00ebt\u00eb faqe, si teksti, grafik\u00ebt, logot, ikonat e buton\u00ebve, imazhet dhe softueri, \u00ebsht\u00eb pron\u00ebsia e Nasus.al ose furnizuesve t\u00eb saj t\u00eb p\u00ebrmbajtjes dhe mbrohet nga ligjet nd\u00ebrkomb\u00ebtare t\u00eb t\u00eb drejtave t\u00eb autorit.<\/li>\n<\/ul>\n<p><strong>Licenca dhe Qasja n\u00eb Faqe<\/strong><\/p>\n<ul>\n<li>Nasus.al ju jep nj\u00eb licenc\u00eb t\u00eb kufizuar p\u00ebr t\u00eb qasur dhe p\u00ebrdorur k\u00ebt\u00eb faqe p\u00ebr p\u00ebrdorim personal dhe jo p\u00ebr t\u00eb shkarkuar (p\u00ebrve\u00e7 ruajtjes s\u00eb faqeve) ose modifikuar at\u00eb, ose ndonj\u00eb pjes\u00eb t\u00eb saj, p\u00ebrve\u00e7 me p\u00eblqimin e shprehur me shkrim t\u00eb Nasus.al.<\/li>\n<\/ul>\n<p><strong>Llogaria Juaj<\/strong><\/p>\n<ul>\n<li>N\u00ebse p\u00ebrdorni Nasus.al, ju jeni p\u00ebrgjegj\u00ebs p\u00ebr t\u00eb mbajtur konfidencialitetin e llogaris\u00eb tuaj dhe fjal\u00ebkalimit dhe p\u00ebr kufizimin e qasjes n\u00eb kompjuterin tuaj.<\/li>\n<\/ul>\n<p><strong>P\u00ebrshkrimet e Produkteve<\/strong><\/p>\n<ul>\n<li>Nasus.al dhe asociat\u00ebt e tij p\u00ebrpiqen t\u00eb jen\u00eb sa m\u00eb t\u00eb sakt\u00eb t\u00eb mundsh\u00ebm. Megjithat\u00eb, Nasus.al nuk garanton q\u00eb p\u00ebrshkrimet e produkteve ose p\u00ebrmbajtja tjet\u00ebr e k\u00ebsaj faqeje \u00ebsht\u00eb e sakt\u00eb, e plot\u00eb, e besueshme, aktuale ose pa gabime.<\/li>\n<\/ul>\n<p><strong>Ligji i Zbatuesh\u00ebm<\/strong><\/p>\n<ul>\n<li>Duke vizituar Nasus.al, ju pranoni q\u00eb ligjet e vendit ku bazoet Nasus.al, pa marr\u00eb parasysh parimet e konfliktit t\u00eb ligjeve, do t\u00eb rregullojn\u00eb k\u00ebto Kushte t\u00eb Sh\u00ebrbimit dhe \u00e7do mosmarr\u00ebveshje t\u00eb \u00e7far\u00ebdo lloji q\u00eb mund t\u00eb lind\u00eb midis jush dhe Nasus.al ose asociat\u00ebve t\u00eb tij.<\/li>\n<\/ul>\n<p><strong>Mosmarr\u00ebveshjet<\/strong><\/p>\n<ul>\n<li>\u00c7do mosmarr\u00ebveshje q\u00eb lidhet n\u00eb ndonj\u00eb m\u00ebnyr\u00eb me vizit\u00ebn tuaj n\u00eb Nasus.al ose me produktet q\u00eb blini p\u00ebrmes Nasus.al do t\u00eb n\u00ebnshtrohet arbitrazhit konfidencial n\u00eb vendin ku bazoet<\/li>\n<\/ul>\n<p><strong>Kompania<\/strong> <a class=\"linkified\" href=\"https:\/\/www.nasus.al\/mk\/\" target=\"_blank\" rel=\"noreferrer noopener\">Nasus.al<\/a><\/p>\n<p><strong>\u0410\u0434\u0440\u0435\u0441\u0430<\/strong> Rruga Myslym Shyri, Tirane Albania<\/p>\n<p><strong>Tel<\/strong> : <a href=\"tel:+355698888812\">+355698888812<\/a><\/p>\n<p><strong>\u0435-\u043f\u043e\u0448\u0442\u0430<\/strong> : <a class=\"linkified\" href=\"mailto:info@nasus.al\" rel=\"noreferrer noopener\">info@nasus.al<\/a><\/p>","protected":false},"excerpt":{"rendered":"<p>Kushtet e Sh\u00ebrbimit p\u00ebr Nasus.al Hyrje Mir\u00eb se vini n\u00eb Nasus.al, burimi juaj i dedikuar p\u00ebr produkte t\u00eb autorizuara nga<\/p>","protected":false},"author":1,"featured_media":0,"parent":0,"menu_order":0,"comment_status":"closed","ping_status":"closed","template":"","meta":{"footnotes":""},"class_list":["post-15970","page","type-page","status-publish","hentry"],"yoast_head":"<!-- This site is optimized with the Yoast SEO plugin v27.4 - https:\/\/yoast.com\/product\/yoast-seo-wordpress\/ -->\n<title>Terms and Conditions - Nasus<\/title>\n<meta name=\"robots\" content=\"index, follow, max-snippet:-1, max-image-preview:large, max-video-preview:-1\" \/>\n<link rel=\"canonical\" href=\"https:\/\/www.nasus.al\/mk\/terms-and-conditions\/\" \/>\n<meta property=\"og:locale\" content=\"mk_MK\" \/>\n<meta property=\"og:type\" content=\"article\" \/>\n<meta property=\"og:title\" content=\"Terms and Conditions - Nasus\" \/>\n<meta property=\"og:description\" content=\"Kushtet e Sh\u00ebrbimit p\u00ebr Nasus.al Hyrje Mir\u00eb se vini n\u00eb Nasus.al, burimi juaj i dedikuar p\u00ebr produkte t\u00eb autorizuara nga\" \/>\n<meta property=\"og:url\" content=\"https:\/\/www.nasus.al\/mk\/terms-and-conditions\/\" \/>\n<meta property=\"og:site_name\" content=\"Nasus\" \/>\n<meta property=\"article:modified_time\" content=\"2024-04-17T08:44:31+00:00\" \/>\n<meta name=\"twitter:card\" content=\"summary_large_image\" \/>\n<meta name=\"twitter:label1\" content=\"Est. reading time\" \/>\n\t<meta name=\"twitter:data1\" content=\"2 \u043c\u0438\u043d\u0443\u0442\u0438\" \/>\n<script type=\"application\/ld+json\" class=\"yoast-schema-graph\">{\"@context\":\"https:\\\/\\\/schema.org\",\"@graph\":[{\"@type\":\"WebPage\",\"@id\":\"https:\\\/\\\/www.nasus.al\\\/terms-and-conditions\",\"url\":\"https:\\\/\\\/www.nasus.al\\\/terms-and-conditions\",\"name\":\"Terms and Conditions - Nasus\",\"isPartOf\":{\"@id\":\"https:\\\/\\\/www.nasus.al\\\/#website\"},\"datePublished\":\"2024-03-26T19:46:22+00:00\",\"dateModified\":\"2024-04-17T08:44:31+00:00\",\"breadcrumb\":{\"@id\":\"https:\\\/\\\/www.nasus.al\\\/terms-and-conditions#breadcrumb\"},\"inLanguage\":\"mk-MK\",\"potentialAction\":[{\"@type\":\"ReadAction\",\"target\":[\"https:\\\/\\\/www.nasus.al\\\/terms-and-conditions\"]}]},{\"@type\":\"BreadcrumbList\",\"@id\":\"https:\\\/\\\/www.nasus.al\\\/terms-and-conditions#breadcrumb\",\"itemListElement\":[{\"@type\":\"ListItem\",\"position\":1,\"name\":\"Home\",\"item\":\"https:\\\/\\\/www.nasus.al\\\/\"},{\"@type\":\"ListItem\",\"position\":2,\"name\":\"Terms and Conditions\"}]},{\"@type\":\"WebSite\",\"@id\":\"https:\\\/\\\/www.nasus.al\\\/#website\",\"url\":\"https:\\\/\\\/www.nasus.al\\\/\",\"name\":\"Nasus\",\"description\":\"Albania\",\"publisher\":{\"@id\":\"https:\\\/\\\/www.nasus.al\\\/#organization\"},\"potentialAction\":[{\"@type\":\"SearchAction\",\"target\":{\"@type\":\"EntryPoint\",\"urlTemplate\":\"https:\\\/\\\/www.nasus.al\\\/?s={search_term_string}\"},\"query-input\":{\"@type\":\"PropertyValueSpecification\",\"valueRequired\":true,\"valueName\":\"search_term_string\"}}],\"inLanguage\":\"mk-MK\"},{\"@type\":\"Organization\",\"@id\":\"https:\\\/\\\/www.nasus.al\\\/#organization\",\"name\":\"Nasus\",\"url\":\"https:\\\/\\\/www.nasus.al\\\/\",\"logo\":{\"@type\":\"ImageObject\",\"inLanguage\":\"mk-MK\",\"@id\":\"https:\\\/\\\/www.nasus.al\\\/#\\\/schema\\\/logo\\\/image\\\/\",\"url\":\"https:\\\/\\\/www.nasus.al\\\/wp-content\\\/uploads\\\/2024\\\/03\\\/noson.webp\",\"contentUrl\":\"https:\\\/\\\/www.nasus.al\\\/wp-content\\\/uploads\\\/2024\\\/03\\\/noson.webp\",\"width\":110,\"height\":36,\"caption\":\"Nasus\"},\"image\":{\"@id\":\"https:\\\/\\\/www.nasus.al\\\/#\\\/schema\\\/logo\\\/image\\\/\"},\"sameAs\":[\"https:\\\/\\\/www.instagram.com\\\/nasus.al\\\/\"]}]}<\/script>\n<!-- \/ Yoast SEO plugin. -->","yoast_head_json":{"title":"Terms and Conditions - Nasus","robots":{"index":"index","follow":"follow","max-snippet":"max-snippet:-1","max-image-preview":"max-image-preview:large","max-video-preview":"max-video-preview:-1"},"canonical":"https:\/\/www.nasus.al\/mk\/terms-and-conditions\/","og_locale":"mk_MK","og_type":"article","og_title":"Terms and Conditions - Nasus","og_description":"Kushtet e Sh\u00ebrbimit p\u00ebr Nasus.al Hyrje Mir\u00eb se vini n\u00eb Nasus.al, burimi juaj i dedikuar p\u00ebr produkte t\u00eb autorizuara nga","og_url":"https:\/\/www.nasus.al\/mk\/terms-and-conditions\/","og_site_name":"Nasus","article_modified_time":"2024-04-17T08:44:31+00:00","twitter_card":"summary_large_image","twitter_misc":{"Est. reading time":"2 \u043c\u0438\u043d\u0443\u0442\u0438"},"schema":{"@context":"https:\/\/schema.org","@graph":[{"@type":"WebPage","@id":"https:\/\/www.nasus.al\/terms-and-conditions","url":"https:\/\/www.nasus.al\/terms-and-conditions","name":"Terms and Conditions - Nasus","isPartOf":{"@id":"https:\/\/www.nasus.al\/#website"},"datePublished":"2024-03-26T19:46:22+00:00","dateModified":"2024-04-17T08:44:31+00:00","breadcrumb":{"@id":"https:\/\/www.nasus.al\/terms-and-conditions#breadcrumb"},"inLanguage":"mk-MK","potentialAction":[{"@type":"ReadAction","target":["https:\/\/www.nasus.al\/terms-and-conditions"]}]},{"@type":"BreadcrumbList","@id":"https:\/\/www.nasus.al\/terms-and-conditions#breadcrumb","itemListElement":[{"@type":"ListItem","position":1,"name":"Home","item":"https:\/\/www.nasus.al\/"},{"@type":"ListItem","position":2,"name":"Terms and Conditions"}]},{"@type":"WebSite","@id":"https:\/\/www.nasus.al\/#website","url":"https:\/\/www.nasus.al\/","name":"Nasus","description":"Albania","publisher":{"@id":"https:\/\/www.nasus.al\/#organization"},"potentialAction":[{"@type":"SearchAction","target":{"@type":"EntryPoint","urlTemplate":"https:\/\/www.nasus.al\/?s={search_term_string}"},"query-input":{"@type":"PropertyValueSpecification","valueRequired":true,"valueName":"search_term_string"}}],"inLanguage":"mk-MK"},{"@type":"Organization","@id":"https:\/\/www.nasus.al\/#organization","name":"Nasus","url":"https:\/\/www.nasus.al\/","logo":{"@type":"ImageObject","inLanguage":"mk-MK","@id":"https:\/\/www.nasus.al\/#\/schema\/logo\/image\/","url":"https:\/\/www.nasus.al\/wp-content\/uploads\/2024\/03\/noson.webp","contentUrl":"https:\/\/www.nasus.al\/wp-content\/uploads\/2024\/03\/noson.webp","width":110,"height":36,"caption":"Nasus"},"image":{"@id":"https:\/\/www.nasus.al\/#\/schema\/logo\/image\/"},"sameAs":["https:\/\/www.instagram.com\/nasus.al\/"]}]}},"_links":{"self":[{"href":"https:\/\/www.nasus.al\/mk\/wp-json\/wp\/v2\/pages\/15970","targetHints":{"allow":["GET"]}}],"collection":[{"href":"https:\/\/www.nasus.al\/mk\/wp-json\/wp\/v2\/pages"}],"about":[{"href":"https:\/\/www.nasus.al\/mk\/wp-json\/wp\/v2\/types\/page"}],"author":[{"embeddable":true,"href":"https:\/\/www.nasus.al\/mk\/wp-json\/wp\/v2\/users\/1"}],"replies":[{"embeddable":true,"href":"https:\/\/www.nasus.al\/mk\/wp-json\/wp\/v2\/comments?post=15970"}],"version-history":[{"count":0,"href":"https:\/\/www.nasus.al\/mk\/wp-json\/wp\/v2\/pages\/15970\/revisions"}],"wp:attachment":[{"href":"https:\/\/www.nasus.al\/mk\/wp-json\/wp\/v2\/media?parent=15970"}],"curies":[{"name":"wp","href":"https:\/\/api.w.org\/{rel}","templated":true}]}}